{"id":118,"date":"2022-09-21T08:05:19","date_gmt":"2022-09-21T08:05:19","guid":{"rendered":"https:\/\/klinikum-fulda.nethinks.domains\/gersfeld\/?page_id=118"},"modified":"2025-01-17T13:43:08","modified_gmt":"2025-01-17T13:43:08","slug":"impressum","status":"publish","type":"page","link":"https:\/\/www.klinikum-gersfeld.de\/index.php\/impressum\/","title":{"rendered":"Impressum"},"content":{"rendered":"\n<div class=\"container section-title-container\" ><h3 class=\"section-title section-title-normal\"><b aria-hidden=\"true\"><\/b><span class=\"section-title-main\" >Impressum<\/span><b aria-hidden=\"true\"><\/b><\/h3><\/div>\n\n<div class=\"row\"  id=\"row-1216971335\">\n\n\n\t<div id=\"col-1234183747\" class=\"col small-12 large-12\"  >\n\t\t\t\t<div class=\"col-inner\"  >\n\t\t\t\n\t\t\t\n\n<p class=\"x_MsoNormal\"><b>Name und Anschrift des Krankenhaustr\u00e4gers:<br \/><\/b>Klinikum Fulda gAG<br \/>Pacelliallee 4<br \/>36043 Fulda<\/p>\n<p class=\"x_MsoNormal\"><b>Aufsichtsratsvorsitzender:<br \/><\/b>Oberb\u00fcrgermeister Dr. Heiko Wingenfeld<\/p>\n<p class=\"x_MsoNormal\"><b>Vorstand:<br \/><\/b>Priv.-Doz. Dr. med. Thomas Menzel<br \/>Vorstand Krankenversorgung (Sprecher)<\/p>\n<p class=\"x_MsoNormal\"><b>Gesch\u00e4ftsf\u00fchrender \u00c4rztlicher Direktor<br \/><\/b>Jan Garlepp<\/p>\n<p><b>Anschrift des Krankenhauses:<br \/><\/b>Klinikum Fulda gAG \u2013 Au\u00dfenstelle Klinikum Gersfeld<br \/>Wolf-Hirth-Stra\u00dfe 18<br \/>36129 Gersfeld<br \/>Tel.: (06654) 91843 &#8211; 425<br \/>Fax: (06654) 91843 &#8211; 444<br \/>E-Mail: info@\u200bklinikum-gersfeld.de<\/p>\n<p class=\"x_MsoNormal\"><b>Zust\u00e4ndige Aufsichtsbeh\u00f6rde:<br \/><\/b>Hessisches Sozialministerium<\/p>\n<p class=\"x_MsoNormal\"><b>Registereintragung:<br \/><\/b>Handelsregister: Amtsgericht Fulda HRB 2294<br \/>Umsatzsteuer-Ident.Nr.: DE 232861025<\/p>\n<p>\u00a0<\/p>\n<p><strong>Quellenangaben f\u00fcr verwendete Bilder und Grafiken<\/strong><br \/>\u00a9 Klinikum Fulda gAG<\/p>\n<p>Dieses Impressum gilt auch f\u00fcr die Facebookseite @klinikumgersfeld<\/p>\n\n\t\t<\/div>\n\t\t\t\t\t<\/div>\n\n\t\n\n<\/div>\n\n","protected":false},"excerpt":{"rendered":"","protected":false},"author":1,"featured_media":0,"parent":0,"menu_order":0,"comment_status":"closed","ping_status":"closed","template":"","meta":{"footnotes":""},"class_list":["post-118","page","type-page","status-publish","hentry"],"yoast_head":"<!-- This site is optimized with the Yoast SEO plugin v27.1.1 - https:\/\/yoast.com\/product\/yoast-seo-wordpress\/ -->\n<title>Impressum - Klinikum Gersfeld<\/title>\n<meta name=\"robots\" content=\"index, follow, max-snippet:-1, max-image-preview:large, max-video-preview:-1\" \/>\n<link rel=\"canonical\" href=\"https:\/\/www.klinikum-gersfeld.de\/index.php\/impressum\/\" \/>\n<meta property=\"og:locale\" content=\"de_DE\" \/>\n<meta property=\"og:type\" content=\"article\" \/>\n<meta property=\"og:title\" content=\"Impressum - Klinikum Gersfeld\" \/>\n<meta property=\"og:url\" content=\"https:\/\/www.klinikum-gersfeld.de\/index.php\/impressum\/\" \/>\n<meta property=\"og:site_name\" content=\"Klinikum Gersfeld\" \/>\n<meta property=\"article:modified_time\" content=\"2025-01-17T13:43:08+00:00\" \/>\n<meta name=\"twitter:card\" content=\"summary_large_image\" \/>\n<script type=\"application\/ld+json\" class=\"yoast-schema-graph\">{\"@context\":\"https:\/\/schema.org\",\"@graph\":[{\"@type\":\"WebPage\",\"@id\":\"https:\/\/www.klinikum-gersfeld.de\/index.php\/impressum\/\",\"url\":\"https:\/\/www.klinikum-gersfeld.de\/index.php\/impressum\/\",\"name\":\"Impressum - Klinikum Gersfeld\",\"isPartOf\":{\"@id\":\"https:\/\/www.klinikum-gersfeld.de\/#website\"},\"datePublished\":\"2022-09-21T08:05:19+00:00\",\"dateModified\":\"2025-01-17T13:43:08+00:00\",\"breadcrumb\":{\"@id\":\"https:\/\/www.klinikum-gersfeld.de\/index.php\/impressum\/#breadcrumb\"},\"inLanguage\":\"de\",\"potentialAction\":[{\"@type\":\"ReadAction\",\"target\":[\"https:\/\/www.klinikum-gersfeld.de\/index.php\/impressum\/\"]}]},{\"@type\":\"BreadcrumbList\",\"@id\":\"https:\/\/www.klinikum-gersfeld.de\/index.php\/impressum\/#breadcrumb\",\"itemListElement\":[{\"@type\":\"ListItem\",\"position\":1,\"name\":\"Startseite\",\"item\":\"https:\/\/www.klinikum-gersfeld.de\/\"},{\"@type\":\"ListItem\",\"position\":2,\"name\":\"Impressum\"}]},{\"@type\":\"WebSite\",\"@id\":\"https:\/\/www.klinikum-gersfeld.de\/#website\",\"url\":\"https:\/\/www.klinikum-gersfeld.de\/\",\"name\":\"Klinikum Gersfeld\",\"description\":\"\",\"potentialAction\":[{\"@type\":\"SearchAction\",\"target\":{\"@type\":\"EntryPoint\",\"urlTemplate\":\"https:\/\/www.klinikum-gersfeld.de\/?s={search_term_string}\"},\"query-input\":{\"@type\":\"PropertyValueSpecification\",\"valueRequired\":true,\"valueName\":\"search_term_string\"}}],\"inLanguage\":\"de\"}]}<\/script>\n<!-- \/ Yoast SEO plugin. -->","yoast_head_json":{"title":"Impressum - Klinikum Gersfeld","robots":{"index":"index","follow":"follow","max-snippet":"max-snippet:-1","max-image-preview":"max-image-preview:large","max-video-preview":"max-video-preview:-1"},"canonical":"https:\/\/www.klinikum-gersfeld.de\/index.php\/impressum\/","og_locale":"de_DE","og_type":"article","og_title":"Impressum - Klinikum Gersfeld","og_url":"https:\/\/www.klinikum-gersfeld.de\/index.php\/impressum\/","og_site_name":"Klinikum Gersfeld","article_modified_time":"2025-01-17T13:43:08+00:00","twitter_card":"summary_large_image","schema":{"@context":"https:\/\/schema.org","@graph":[{"@type":"WebPage","@id":"https:\/\/www.klinikum-gersfeld.de\/index.php\/impressum\/","url":"https:\/\/www.klinikum-gersfeld.de\/index.php\/impressum\/","name":"Impressum - Klinikum Gersfeld","isPartOf":{"@id":"https:\/\/www.klinikum-gersfeld.de\/#website"},"datePublished":"2022-09-21T08:05:19+00:00","dateModified":"2025-01-17T13:43:08+00:00","breadcrumb":{"@id":"https:\/\/www.klinikum-gersfeld.de\/index.php\/impressum\/#breadcrumb"},"inLanguage":"de","potentialAction":[{"@type":"ReadAction","target":["https:\/\/www.klinikum-gersfeld.de\/index.php\/impressum\/"]}]},{"@type":"BreadcrumbList","@id":"https:\/\/www.klinikum-gersfeld.de\/index.php\/impressum\/#breadcrumb","itemListElement":[{"@type":"ListItem","position":1,"name":"Startseite","item":"https:\/\/www.klinikum-gersfeld.de\/"},{"@type":"ListItem","position":2,"name":"Impressum"}]},{"@type":"WebSite","@id":"https:\/\/www.klinikum-gersfeld.de\/#website","url":"https:\/\/www.klinikum-gersfeld.de\/","name":"Klinikum Gersfeld","description":"","potentialAction":[{"@type":"SearchAction","target":{"@type":"EntryPoint","urlTemplate":"https:\/\/www.klinikum-gersfeld.de\/?s={search_term_string}"},"query-input":{"@type":"PropertyValueSpecification","valueRequired":true,"valueName":"search_term_string"}}],"inLanguage":"de"}]}},"_links":{"self":[{"href":"https:\/\/www.klinikum-gersfeld.de\/index.php\/wp-json\/wp\/v2\/pages\/118","targetHints":{"allow":["GET"]}}],"collection":[{"href":"https:\/\/www.klinikum-gersfeld.de\/index.php\/wp-json\/wp\/v2\/pages"}],"about":[{"href":"https:\/\/www.klinikum-gersfeld.de\/index.php\/wp-json\/wp\/v2\/types\/page"}],"author":[{"embeddable":true,"href":"https:\/\/www.klinikum-gersfeld.de\/index.php\/wp-json\/wp\/v2\/users\/1"}],"replies":[{"embeddable":true,"href":"https:\/\/www.klinikum-gersfeld.de\/index.php\/wp-json\/wp\/v2\/comments?post=118"}],"version-history":[{"count":6,"href":"https:\/\/www.klinikum-gersfeld.de\/index.php\/wp-json\/wp\/v2\/pages\/118\/revisions"}],"predecessor-version":[{"id":224,"href":"https:\/\/www.klinikum-gersfeld.de\/index.php\/wp-json\/wp\/v2\/pages\/118\/revisions\/224"}],"wp:attachment":[{"href":"https:\/\/www.klinikum-gersfeld.de\/index.php\/wp-json\/wp\/v2\/media?parent=118"}],"curies":[{"name":"wp","href":"https:\/\/api.w.org\/{rel}","templated":true}]}}